{"id":5208,"date":"2023-02-08T18:33:03","date_gmt":"2023-02-08T18:33:03","guid":{"rendered":"https:\/\/dev.professorjuniorgeo.com.br\/blog\/?page_id=5208"},"modified":"2023-02-09T03:53:13","modified_gmt":"2023-02-09T03:53:13","slug":"cadastrar","status":"publish","type":"page","link":"https:\/\/dev.professorjuniorgeo.com.br\/blog\/cadastrar\/","title":{"rendered":"Cadastrar"},"content":{"rendered":"<div style=\"padding:10px\"> \n<div class=\"um um-register um-5183\">\n\t<div class=\"um-form\" data-mode=\"register\">\n\t\t<form method=\"post\" action=\"\">\n\t\t\t<div class=\"um-row _um_row_1 \" style=\"margin: 0 0 30px 0;\"><div class=\"um-col-1\"><div  id=\"um_field_5183_first_name\" class=\"um-field um-field-text  um-field-first_name um-field-text um-field-type_text\" data-key=\"first_name\"><div class=\"um-field-label\"><label for=\"first_name-5183\">Nome Completo<\/label><div class=\"um-clear\"><\/div><\/div><div class=\"um-field-area\"><input  autocomplete=\"off\" class=\"um-form-field valid \" type=\"text\" name=\"first_name-5183\" id=\"first_name-5183\" value=\"\" placeholder=\"\" data-validate=\"alphabetic\" data-key=\"first_name\"  aria-invalid=\"false\" \/>\n\n\t\t\t\t\t\t<\/div><\/div><div  id=\"um_field_5183_user_login\" class=\"um-field um-field-text  um-field-user_login um-field-text um-field-type_text\" data-key=\"user_login\"><div class=\"um-field-label\"><label for=\"user_login-5183\">Usu\u00e1rio<\/label><div class=\"um-clear\"><\/div><\/div><div class=\"um-field-area\"><input  autocomplete=\"off\" class=\"um-form-field valid \" type=\"text\" name=\"user_login-5183\" id=\"user_login-5183\" value=\"\" placeholder=\"\" data-validate=\"unique_username\" data-key=\"user_login\"  aria-invalid=\"false\" \/>\n\n\t\t\t\t\t\t<\/div><\/div><div  id=\"um_field_5183_last_name\" class=\"um-field um-field-text  um-field-last_name um-field-text um-field-type_text\" data-key=\"last_name\"><div class=\"um-field-label\"><label for=\"last_name-5183\">Telefone<\/label><div class=\"um-clear\"><\/div><\/div><div class=\"um-field-area\"><input  autocomplete=\"off\" class=\"um-form-field valid not-required \" type=\"text\" name=\"last_name-5183\" id=\"last_name-5183\" value=\"\" placeholder=\"63 9 9999-9999\" data-validate=\"numeric\" data-key=\"last_name\"  aria-invalid=\"false\" \/>\n\n\t\t\t\t\t\t<\/div><\/div><div  id=\"um_field_5183_user_email\" class=\"um-field um-field-text  um-field-user_email um-field-text um-field-type_text\" data-key=\"user_email\"><div class=\"um-field-label\"><label for=\"user_email-5183\">E-mail<\/label><div class=\"um-clear\"><\/div><\/div><div class=\"um-field-area\"><input  autocomplete=\"off\" class=\"um-form-field valid not-required \" type=\"text\" name=\"user_email-5183\" id=\"user_email-5183\" value=\"\" placeholder=\"\" data-validate=\"unique_email\" data-key=\"user_email\"  aria-invalid=\"false\" \/>\n\n\t\t\t\t\t\t<\/div><\/div><div  id=\"um_field_5183_user_password\" class=\"um-field um-field-password  um-field-user_password um-field-password um-field-type_password\" data-key=\"user_password\"><div class=\"um-field-label\"><label for=\"user_password-5183\">Senha<\/label><span class=\"um-tip um-tip-w\" title=\"A senha deve conter no m\u00ednimo 8 caracteres\"><i class=\"um-icon-help-circled\"><\/i><\/span><div class=\"um-clear\"><\/div><\/div><div class=\"um-field-area\"><input class=\"um-form-field valid \" type=\"password\" name=\"user_password-5183\" id=\"user_password-5183\" value=\"\" placeholder=\"\" data-validate=\"\" data-key=\"user_password\"  aria-invalid=\"false\" \/>\n\n\t\t\t\t\t\t\t<\/div><\/div><div  id=\"um_field_5183_confirm_user_password\" class=\"um-field um-field-password  um-field-user_password um-field-password um-field-type_password\" data-key=\"confirm_user_password\"><div class=\"um-field-label\"><label for=\"confirm_user_password-5183\">Confirme a senha<\/label><div class=\"um-clear\"><\/div><\/div><div class=\"um-field-area\"><input class=\"um-form-field valid \" type=\"password\" name=\"confirm_user_password-5183\" id=\"confirm_user_password-5183\" value=\"\" placeholder=\"Confirme a senha\" data-validate=\"\" data-key=\"confirm_user_password\"  aria-invalid=\"false\" \/><\/div><\/div><div  id=\"um_field_5183_info\" class=\"um-field um-field-checkbox  um-field-info um-field-checkbox um-field-type_checkbox\" data-key=\"info\"  aria-invalid=\"false\" ><div class=\"um-field-label\"><label for=\"info-5183\">Receber Informa\u00e7\u00f5es<\/label><div class=\"um-clear\"><\/div><\/div><div class=\"um-field-area\"><label class=\"um-field-checkbox  um-field-half  um-field-radio-state-disabled\"><input   type=\"checkbox\" name=\"info[]\" value=\"Se voc\u00ea deseja receber informa\u00e7\u00f5es, por favor, confirme a sua inscri\u00e7\u00e3o marcando essa op\u00e7\u00e3o.\"  \/><span class=\"um-field-checkbox-state\"><i class=\"um-icon-android-checkbox-outline-blank\"><\/i><\/span><span class=\"um-field-checkbox-option\">Se voc\u00ea deseja receber informa\u00e7\u00f5es, por favor, confirme a sua inscri\u00e7\u00e3o marcando essa op\u00e7\u00e3o.<\/span><\/label><div class=\"um-clear\"><\/div><\/div><\/div><\/div><\/div>\n<!-- This file should primarily consist of HTML with a little bit of PHP. -->\n<div class=\"um-field um-field-type_terms_conditions\" data-key=\"use_terms_conditions_agreement\" style=\"display:block;padding:0;\">\n\t<div class=\"um-field-area\">\n\t\t<div class=\"um-gdpr-content\" style=\"display:none;\">\n\t\t\t<p>O presente Termo de Adequa\u00e7\u00e3o LGPD (&#8220;Termo&#8221;)\u00a0\u00a0tem como objeto garantir a adequa\u00e7\u00e3o \u00e0\u00a0Lei Geral de Prote\u00e7\u00e3o de Dados (Lei 13.709\/2018)<br \/> Os dados sens\u00edveis\/pessoais s\u00e3o coletados, sendo seu objetivo o melhor relacionamento com os seus clientes e parceiros e sempre com respeito \u00e0 privacidade dos dados recepcionados.<\/p>\n\t\t<\/div>\n\t\t<a href=\"javascript:void(0);\" class=\"um-toggle-gdpr\" data-toggle-state=\"hidden\"\n\t\t\tdata-toggle-show=\"Pol\u00edtica de Privacidade e Termos de Uso\"\n\t\t\tdata-toggle-hide=\"Pol\u00edtica de Privacidade e Termos de Uso\">\n\t\t\tPol\u00edtica de Privacidade e Termos de Uso\t\t<\/a>\n\t<\/div>\n\t<div class=\"um-field-area\">\n\t\t<label class=\"um-field-checkbox\">\n\t\t\t<input type=\"checkbox\" name=\"use_gdpr_agreement\" value=\"1\">\n\t\t\t<span class=\"um-field-checkbox-state\"><i class=\"um-icon-android-checkbox-outline-blank\"><\/i><\/span>\n\t\t\t<span class=\"um-field-checkbox-option\">Por favor, confirme que voc\u00ea concorda com nossa pol\u00edtica de privacidade<\/span>\n\t\t<\/label>\n\t\t<div class=\"um-clear\"><\/div>\n\t\t\t\t<div class=\"um-clear\"><\/div>\n\t<\/div>\n<\/div>\n\t<input type=\"hidden\" name=\"form_id\" id=\"form_id_5183\" value=\"5183\" \/>\n\t\t<p class=\"um_request_name\">\n\t\t<label for=\"um_request_5183\">Only fill in if you are not human<\/label>\n\t\t<input type=\"hidden\" name=\"um_request\" id=\"um_request_5183\" class=\"input\" value=\"\" size=\"25\" autocomplete=\"off\" \/>\n\t<\/p>\n\t<input type=\"hidden\" id=\"_wpnonce\" name=\"_wpnonce\" value=\"2fcb762a0d\" \/><input type=\"hidden\" name=\"_wp_http_referer\" value=\"\/blog\/wp-json\/wp\/v2\/pages\/5208\" \/>\n\t<div class=\"um-col-alt\">\n\n\t\t\n\t\t\t<div class=\"um-left um-half\">\n\t\t\t\t<input type=\"submit\" value=\"Cadastrar\" class=\"um-button\" id=\"um-submit-btn\" \/>\n\t\t\t<\/div>\n\t\t\t<div class=\"um-right um-half\">\n\t\t\t\t<a href=\"https:\/\/dev.professorjuniorgeo.com.br\/blog\/entrar\/\" class=\"um-button um-alt\">\n\t\t\t\t\tEntrar\t\t\t\t<\/a>\n\t\t\t<\/div>\n\n\t\t\n\t\t<div class=\"um-clear\"><\/div>\n\n\t<\/div>\n\n\t\t\t<\/form>\n\t<\/div>\n<\/div>\n<style>\n\t\t\t.um-5183.um {\n\t\t\tmax-width: 450px;\n\t\t}\n\t\t<\/style>\n <\/div>\n","protected":false},"excerpt":{"rendered":"Nome Completo Usu\u00e1rio Telefone E-mail Senha Confirme a senhaReceber Informa\u00e7\u00f5esSe voc\u00ea deseja receber informa\u00e7\u00f5es, por favor, confirme a sua inscri\u00e7\u00e3o marcando essa op\u00e7\u00e3o. O presente Termo de Adequa\u00e7\u00e3o LGPD (&#8220;Termo&#8221;)\u00a0\u00a0tem como objeto garantir a adequa\u00e7\u00e3o \u00e0\u00a0Lei Geral de Prote\u00e7\u00e3o de Dados (Lei 13.709\/2018) Os dados sens\u00edveis\/pessoais s\u00e3o coletados, sendo seu objetivo o melhor relacionamento com [...]","protected":false},"author":1,"featured_media":0,"parent":0,"menu_order":0,"comment_status":"closed","ping_status":"closed","template":"","meta":{"pagelayer_contact_templates":[],"_pagelayer_content":"","footnotes":"","_links_to":"","_links_to_target":""},"class_list":["post-5208","page","type-page","status-publish","hentry"],"_links":{"self":[{"href":"https:\/\/dev.professorjuniorgeo.com.br\/blog\/wp-json\/wp\/v2\/pages\/5208","targetHints":{"allow":["GET"]}}],"collection":[{"href":"https:\/\/dev.professorjuniorgeo.com.br\/blog\/wp-json\/wp\/v2\/pages"}],"about":[{"href":"https:\/\/dev.professorjuniorgeo.com.br\/blog\/wp-json\/wp\/v2\/types\/page"}],"author":[{"embeddable":true,"href":"https:\/\/dev.professorjuniorgeo.com.br\/blog\/wp-json\/wp\/v2\/users\/1"}],"replies":[{"embeddable":true,"href":"https:\/\/dev.professorjuniorgeo.com.br\/blog\/wp-json\/wp\/v2\/comments?post=5208"}],"version-history":[{"count":4,"href":"https:\/\/dev.professorjuniorgeo.com.br\/blog\/wp-json\/wp\/v2\/pages\/5208\/revisions"}],"predecessor-version":[{"id":5266,"href":"https:\/\/dev.professorjuniorgeo.com.br\/blog\/wp-json\/wp\/v2\/pages\/5208\/revisions\/5266"}],"wp:attachment":[{"href":"https:\/\/dev.professorjuniorgeo.com.br\/blog\/wp-json\/wp\/v2\/media?parent=5208"}],"curies":[{"name":"wp","href":"https:\/\/api.w.org\/{rel}","templated":true}]}}