{"id":5190,"date":"2023-02-08T18:28:01","date_gmt":"2023-02-08T18:28:01","guid":{"rendered":"https:\/\/dev.professorjuniorgeo.com.br\/blog\/login\/"},"modified":"2023-02-27T17:42:51","modified_gmt":"2023-02-27T17:42:51","slug":"entrar","status":"publish","type":"page","link":"https:\/\/dev.professorjuniorgeo.com.br\/blog\/entrar\/","title":{"rendered":"Entrar"},"content":{"rendered":"<div style=\"padding:10px;margin-left: auto!important;margin-right: auto!important;max-width: 450px;\">\n<h5>Seja bem-vindo a Geoteca!<\/p>\n<h5>\n<p> Para ter acesso a todos os materiais e come\u00e7ar os estudos, \u00e9 necess\u00e1rio fazer o seu cadastro.<\/p>\n<p> Para come\u00e7ar, basta clicar no bot\u00e3o &#8220;Cadastrar&#8221; e preencher as informa\u00e7\u00f5es solicitadas.<\/p>\n<\/div>\n<div style=\"padding: 10px;\"> \n<div class=\"um um-login um-5184\">\n\t<div class=\"um-form\">\n\t\t<form method=\"post\" action=\"\" autocomplete=\"off\">\n\t\t\t<div class=\"um-row _um_row_1 \" style=\"margin: 0 0 30px 0;\"><div class=\"um-col-1\"><div  id=\"um_field_5184_username\" class=\"um-field um-field-text  um-field-username um-field-text um-field-type_text\" data-key=\"username\"><div class=\"um-field-label\"><label for=\"username-5184\">Usu\u00e1rio<\/label><div class=\"um-clear\"><\/div><\/div><div class=\"um-field-area\"><input  autocomplete=\"off\" class=\"um-form-field valid \" type=\"text\" name=\"username-5184\" id=\"username-5184\" value=\"\" placeholder=\"\" data-validate=\"unique_username_or_email\" data-key=\"username\"  aria-invalid=\"false\" \/>\n\n\t\t\t\t\t\t<\/div><\/div><div  id=\"um_field_5184_user_password\" class=\"um-field um-field-password  um-field-user_password um-field-password um-field-type_password\" data-key=\"user_password\"><div class=\"um-field-label\"><label for=\"user_password-5184\">Senha<\/label><div class=\"um-clear\"><\/div><\/div><div class=\"um-field-area\"><input class=\"um-form-field valid \" type=\"password\" name=\"user_password-5184\" id=\"user_password-5184\" value=\"\" placeholder=\"\" data-validate=\"\" data-key=\"user_password\"  aria-invalid=\"false\" \/>\n\n\t\t\t\t\t\t\t<\/div><\/div><\/div><\/div>\t<input type=\"hidden\" name=\"form_id\" id=\"form_id_5184\" value=\"5184\" \/>\n\t\t<p class=\"um_request_name\">\n\t\t<label for=\"um_request_5184\">Only fill in if you are not human<\/label>\n\t\t<input type=\"hidden\" name=\"um_request\" id=\"um_request_5184\" class=\"input\" value=\"\" size=\"25\" autocomplete=\"off\" \/>\n\t<\/p>\n\t<input type=\"hidden\" name=\"redirect_to\" id=\"redirect_to\" value=\"https:\/\/dev.professorjuniorgeo.com.br\/blog\/geoteca\/\" \/><input type=\"hidden\" id=\"_wpnonce\" name=\"_wpnonce\" value=\"5714df07d7\" \/><input type=\"hidden\" name=\"_wp_http_referer\" value=\"\/blog\/wp-json\/wp\/v2\/pages\/5190\" \/>\n\t<div class=\"um-col-alt\">\n\n\t\t\n\t\t\t<div class=\"um-left um-half\">\n\t\t\t\t<input type=\"submit\" value=\"Entrar\" class=\"um-button\" id=\"um-submit-btn\" \/>\n\t\t\t<\/div>\n\t\t\t<div class=\"um-right um-half\">\n\t\t\t\t<a href=\"https:\/\/dev.professorjuniorgeo.com.br\/blog\/cadastrar\/\" class=\"um-button um-alt\">\n\t\t\t\t\tCadastrar\t\t\t\t<\/a>\n\t\t\t<\/div>\n\n\t\t\n\t\t<div class=\"um-clear\"><\/div>\n\n\t<\/div>\n\n\t\t\t<\/form>\n\t<\/div>\n<\/div>\n<style>\n\t\t\t.um-5184.um {\n\t\t\tmax-width: 450px;\n\t\t}\n\t\t<\/style>\n <\/div>\n<p>&nbsp;<\/p>\n<p>&nbsp;<\/p>\n<p>&nbsp;<\/p>\n<p>&nbsp;<\/p>\n<p>&nbsp;<\/p>\n","protected":false},"excerpt":{"rendered":"<p>Seja bem-vindo a Geoteca! Para ter acesso a todos os materiais e come\u00e7ar os estudos, \u00e9 necess\u00e1rio fazer o seu cadastro. Para come\u00e7ar, basta clicar no bot\u00e3o &#8220;Cadastrar&#8221; e preencher as informa\u00e7\u00f5es solicitadas. &nbsp; &nbsp; &nbsp; &nbsp; &nbsp;<\/p>\n","protected":false},"author":1,"featured_media":0,"parent":0,"menu_order":0,"comment_status":"closed","ping_status":"closed","template":"","meta":{"pagelayer_contact_templates":[],"_pagelayer_content":"","footnotes":"","_links_to":"","_links_to_target":""},"class_list":["post-5190","page","type-page","status-publish","hentry"],"_links":{"self":[{"href":"https:\/\/dev.professorjuniorgeo.com.br\/blog\/wp-json\/wp\/v2\/pages\/5190","targetHints":{"allow":["GET"]}}],"collection":[{"href":"https:\/\/dev.professorjuniorgeo.com.br\/blog\/wp-json\/wp\/v2\/pages"}],"about":[{"href":"https:\/\/dev.professorjuniorgeo.com.br\/blog\/wp-json\/wp\/v2\/types\/page"}],"author":[{"embeddable":true,"href":"https:\/\/dev.professorjuniorgeo.com.br\/blog\/wp-json\/wp\/v2\/users\/1"}],"replies":[{"embeddable":true,"href":"https:\/\/dev.professorjuniorgeo.com.br\/blog\/wp-json\/wp\/v2\/comments?post=5190"}],"version-history":[{"count":13,"href":"https:\/\/dev.professorjuniorgeo.com.br\/blog\/wp-json\/wp\/v2\/pages\/5190\/revisions"}],"predecessor-version":[{"id":5476,"href":"https:\/\/dev.professorjuniorgeo.com.br\/blog\/wp-json\/wp\/v2\/pages\/5190\/revisions\/5476"}],"wp:attachment":[{"href":"https:\/\/dev.professorjuniorgeo.com.br\/blog\/wp-json\/wp\/v2\/media?parent=5190"}],"curies":[{"name":"wp","href":"https:\/\/api.w.org\/{rel}","templated":true}]}}